{"id":110,"date":"2021-10-15T12:33:15","date_gmt":"2021-10-15T10:33:15","guid":{"rendered":"https:\/\/dersuedenistblau.de\/?page_id=110"},"modified":"2024-02-06T10:14:23","modified_gmt":"2024-02-06T09:14:23","slug":"natur-erleben","status":"publish","type":"page","link":"https:\/\/dersuedenistblau.de\/en\/natur-erleben\/","title":{"rendered":"Experience nature"},"content":{"rendered":"","protected":false},"excerpt":{"rendered":"","protected":false},"author":4,"featured_media":392,"parent":0,"menu_order":0,"comment_status":"closed","ping_status":"closed","template":"","meta":{"_acf_changed":false,"inline_featured_image":false,"footnotes":""},"class_list":["post-110","page","type-page","status-publish","has-post-thumbnail","hentry"],"acf":[],"yoast_head":"<!-- This site is optimized with the Yoast SEO plugin v27.5 - https:\/\/yoast.com\/product\/yoast-seo-wordpress\/ -->\n<title>Unser mediterraner Garten | Der S\u00fcden ist Blau<\/title>\n<meta name=\"description\" content=\"Unsere G\u00e4ste k\u00f6nnen in unserem wunderbar angelegten mediterraner Garten verweilen. Fischach bei Augsburg.\" \/>\n<meta name=\"robots\" content=\"index, follow, max-snippet:-1, max-image-preview:large, max-video-preview:-1\" \/>\n<link rel=\"canonical\" href=\"https:\/\/dersuedenistblau.de\/en\/natur-erleben\/\" \/>\n<meta property=\"og:locale\" content=\"en_GB\" \/>\n<meta property=\"og:type\" content=\"article\" \/>\n<meta property=\"og:title\" content=\"Unser mediterraner Garten | Der S\u00fcden ist Blau\" \/>\n<meta property=\"og:description\" content=\"Unsere G\u00e4ste k\u00f6nnen in unserem wunderbar angelegten mediterraner Garten verweilen. Fischach bei Augsburg.\" \/>\n<meta property=\"og:url\" content=\"https:\/\/dersuedenistblau.de\/en\/natur-erleben\/\" \/>\n<meta property=\"og:site_name\" content=\"Der S\u00fcden ist Blau\" \/>\n<meta property=\"article:publisher\" content=\"https:\/\/www.facebook.com\/Der-Sueden-ist-Blau-103714581547897\" \/>\n<meta property=\"article:modified_time\" content=\"2024-02-06T09:14:23+00:00\" \/>\n<meta property=\"og:image\" content=\"https:\/\/dersuedenistblau.de\/wp-content\/uploads\/2024\/02\/slider-footer.jpg\" \/>\n\t<meta property=\"og:image:width\" content=\"1920\" \/>\n\t<meta property=\"og:image:height\" content=\"1080\" \/>\n\t<meta property=\"og:image:type\" content=\"image\/jpeg\" \/>\n<meta name=\"twitter:card\" content=\"summary_large_image\" \/>\n<meta name=\"twitter:label1\" content=\"Estimated reading time\" \/>\n\t<meta name=\"twitter:data1\" content=\"1 minute\" \/>\n<script type=\"application\/ld+json\" class=\"yoast-schema-graph\">{\"@context\":\"https:\\\/\\\/schema.org\",\"@graph\":[{\"@type\":\"WebPage\",\"@id\":\"https:\\\/\\\/dersuedenistblau.de\\\/natur-erleben\\\/\",\"url\":\"https:\\\/\\\/dersuedenistblau.de\\\/natur-erleben\\\/\",\"name\":\"Unser mediterraner Garten | Der S\u00fcden ist Blau\",\"isPartOf\":{\"@id\":\"https:\\\/\\\/dersuedenistblau.de\\\/#website\"},\"primaryImageOfPage\":{\"@id\":\"https:\\\/\\\/dersuedenistblau.de\\\/natur-erleben\\\/#primaryimage\"},\"image\":{\"@id\":\"https:\\\/\\\/dersuedenistblau.de\\\/natur-erleben\\\/#primaryimage\"},\"thumbnailUrl\":\"https:\\\/\\\/dersuedenistblau.de\\\/wp-content\\\/uploads\\\/2024\\\/02\\\/slider-footer.jpg\",\"datePublished\":\"2021-10-15T10:33:15+00:00\",\"dateModified\":\"2024-02-06T09:14:23+00:00\",\"description\":\"Unsere G\u00e4ste k\u00f6nnen in unserem wunderbar angelegten mediterraner Garten verweilen. Fischach bei Augsburg.\",\"breadcrumb\":{\"@id\":\"https:\\\/\\\/dersuedenistblau.de\\\/natur-erleben\\\/#breadcrumb\"},\"inLanguage\":\"en-GB\",\"potentialAction\":[{\"@type\":\"ReadAction\",\"target\":[\"https:\\\/\\\/dersuedenistblau.de\\\/natur-erleben\\\/\"]}]},{\"@type\":\"ImageObject\",\"inLanguage\":\"en-GB\",\"@id\":\"https:\\\/\\\/dersuedenistblau.de\\\/natur-erleben\\\/#primaryimage\",\"url\":\"https:\\\/\\\/dersuedenistblau.de\\\/wp-content\\\/uploads\\\/2024\\\/02\\\/slider-footer.jpg\",\"contentUrl\":\"https:\\\/\\\/dersuedenistblau.de\\\/wp-content\\\/uploads\\\/2024\\\/02\\\/slider-footer.jpg\",\"width\":1920,\"height\":1080},{\"@type\":\"BreadcrumbList\",\"@id\":\"https:\\\/\\\/dersuedenistblau.de\\\/natur-erleben\\\/#breadcrumb\",\"itemListElement\":[{\"@type\":\"ListItem\",\"position\":1,\"name\":\"Startseite\",\"item\":\"https:\\\/\\\/dersuedenistblau.de\\\/\"},{\"@type\":\"ListItem\",\"position\":2,\"name\":\"Natur erleben\"}]},{\"@type\":\"WebSite\",\"@id\":\"https:\\\/\\\/dersuedenistblau.de\\\/#website\",\"url\":\"https:\\\/\\\/dersuedenistblau.de\\\/\",\"name\":\"Der S\u00fcden ist Blau\",\"description\":\"\u00dcbernachten im Baumhaus &amp; Zirkuswagen\",\"publisher\":{\"@id\":\"https:\\\/\\\/dersuedenistblau.de\\\/#organization\"},\"potentialAction\":[{\"@type\":\"SearchAction\",\"target\":{\"@type\":\"EntryPoint\",\"urlTemplate\":\"https:\\\/\\\/dersuedenistblau.de\\\/?s={search_term_string}\"},\"query-input\":{\"@type\":\"PropertyValueSpecification\",\"valueRequired\":true,\"valueName\":\"search_term_string\"}}],\"inLanguage\":\"en-GB\"},{\"@type\":\"Organization\",\"@id\":\"https:\\\/\\\/dersuedenistblau.de\\\/#organization\",\"name\":\"Der S\u00fcden ist Blau\",\"url\":\"https:\\\/\\\/dersuedenistblau.de\\\/\",\"logo\":{\"@type\":\"ImageObject\",\"inLanguage\":\"en-GB\",\"@id\":\"https:\\\/\\\/dersuedenistblau.de\\\/#\\\/schema\\\/logo\\\/image\\\/\",\"url\":\"https:\\\/\\\/dersuedenistblau.de\\\/wp-content\\\/uploads\\\/2021\\\/12\\\/Der-Sueden-ist-blau_Logo.png\",\"contentUrl\":\"https:\\\/\\\/dersuedenistblau.de\\\/wp-content\\\/uploads\\\/2021\\\/12\\\/Der-Sueden-ist-blau_Logo.png\",\"width\":2084,\"height\":921,\"caption\":\"Der S\u00fcden ist Blau\"},\"image\":{\"@id\":\"https:\\\/\\\/dersuedenistblau.de\\\/#\\\/schema\\\/logo\\\/image\\\/\"},\"sameAs\":[\"https:\\\/\\\/www.facebook.com\\\/Der-Sueden-ist-Blau-103714581547897\",\"https:\\\/\\\/www.instagram.com\\\/dersuedenistblau\\\/\"]}]}<\/script>\n<!-- \/ Yoast SEO plugin. -->","yoast_head_json":{"title":"Our Mediterranean Garden | The South is Blue","description":"Our guests can linger in our beautifully landscaped Mediterranean garden. Fischach near Augsburg.","robots":{"index":"index","follow":"follow","max-snippet":"max-snippet:-1","max-image-preview":"max-image-preview:large","max-video-preview":"max-video-preview:-1"},"canonical":"https:\/\/dersuedenistblau.de\/en\/natur-erleben\/","og_locale":"en_GB","og_type":"article","og_title":"Unser mediterraner Garten | Der S\u00fcden ist Blau","og_description":"Unsere G\u00e4ste k\u00f6nnen in unserem wunderbar angelegten mediterraner Garten verweilen. Fischach bei Augsburg.","og_url":"https:\/\/dersuedenistblau.de\/en\/natur-erleben\/","og_site_name":"Der S\u00fcden ist Blau","article_publisher":"https:\/\/www.facebook.com\/Der-Sueden-ist-Blau-103714581547897","article_modified_time":"2024-02-06T09:14:23+00:00","og_image":[{"width":1920,"height":1080,"url":"https:\/\/dersuedenistblau.de\/wp-content\/uploads\/2024\/02\/slider-footer.jpg","type":"image\/jpeg"}],"twitter_card":"summary_large_image","twitter_misc":{"Estimated reading time":"1 minute"},"schema":{"@context":"https:\/\/schema.org","@graph":[{"@type":"WebPage","@id":"https:\/\/dersuedenistblau.de\/natur-erleben\/","url":"https:\/\/dersuedenistblau.de\/natur-erleben\/","name":"Our Mediterranean Garden | The South is Blue","isPartOf":{"@id":"https:\/\/dersuedenistblau.de\/#website"},"primaryImageOfPage":{"@id":"https:\/\/dersuedenistblau.de\/natur-erleben\/#primaryimage"},"image":{"@id":"https:\/\/dersuedenistblau.de\/natur-erleben\/#primaryimage"},"thumbnailUrl":"https:\/\/dersuedenistblau.de\/wp-content\/uploads\/2024\/02\/slider-footer.jpg","datePublished":"2021-10-15T10:33:15+00:00","dateModified":"2024-02-06T09:14:23+00:00","description":"Our guests can linger in our beautifully landscaped Mediterranean garden. Fischach near Augsburg.","breadcrumb":{"@id":"https:\/\/dersuedenistblau.de\/natur-erleben\/#breadcrumb"},"inLanguage":"en-GB","potentialAction":[{"@type":"ReadAction","target":["https:\/\/dersuedenistblau.de\/natur-erleben\/"]}]},{"@type":"ImageObject","inLanguage":"en-GB","@id":"https:\/\/dersuedenistblau.de\/natur-erleben\/#primaryimage","url":"https:\/\/dersuedenistblau.de\/wp-content\/uploads\/2024\/02\/slider-footer.jpg","contentUrl":"https:\/\/dersuedenistblau.de\/wp-content\/uploads\/2024\/02\/slider-footer.jpg","width":1920,"height":1080},{"@type":"BreadcrumbList","@id":"https:\/\/dersuedenistblau.de\/natur-erleben\/#breadcrumb","itemListElement":[{"@type":"ListItem","position":1,"name":"Startseite","item":"https:\/\/dersuedenistblau.de\/"},{"@type":"ListItem","position":2,"name":"Natur erleben"}]},{"@type":"WebSite","@id":"https:\/\/dersuedenistblau.de\/#website","url":"https:\/\/dersuedenistblau.de\/","name":"The South is Blue","description":"Spend the night in a tree house &amp; circus wagon","publisher":{"@id":"https:\/\/dersuedenistblau.de\/#organization"},"potentialAction":[{"@type":"SearchAction","target":{"@type":"EntryPoint","urlTemplate":"https:\/\/dersuedenistblau.de\/?s={search_term_string}"},"query-input":{"@type":"PropertyValueSpecification","valueRequired":true,"valueName":"search_term_string"}}],"inLanguage":"en-GB"},{"@type":"Organization","@id":"https:\/\/dersuedenistblau.de\/#organization","name":"The South is Blue","url":"https:\/\/dersuedenistblau.de\/","logo":{"@type":"ImageObject","inLanguage":"en-GB","@id":"https:\/\/dersuedenistblau.de\/#\/schema\/logo\/image\/","url":"https:\/\/dersuedenistblau.de\/wp-content\/uploads\/2021\/12\/Der-Sueden-ist-blau_Logo.png","contentUrl":"https:\/\/dersuedenistblau.de\/wp-content\/uploads\/2021\/12\/Der-Sueden-ist-blau_Logo.png","width":2084,"height":921,"caption":"Der S\u00fcden ist Blau"},"image":{"@id":"https:\/\/dersuedenistblau.de\/#\/schema\/logo\/image\/"},"sameAs":["https:\/\/www.facebook.com\/Der-Sueden-ist-Blau-103714581547897","https:\/\/www.instagram.com\/dersuedenistblau\/"]}]}},"_links":{"self":[{"href":"https:\/\/dersuedenistblau.de\/en\/wp-json\/wp\/v2\/pages\/110","targetHints":{"allow":["GET"]}}],"collection":[{"href":"https:\/\/dersuedenistblau.de\/en\/wp-json\/wp\/v2\/pages"}],"about":[{"href":"https:\/\/dersuedenistblau.de\/en\/wp-json\/wp\/v2\/types\/page"}],"author":[{"embeddable":true,"href":"https:\/\/dersuedenistblau.de\/en\/wp-json\/wp\/v2\/users\/4"}],"replies":[{"embeddable":true,"href":"https:\/\/dersuedenistblau.de\/en\/wp-json\/wp\/v2\/comments?post=110"}],"version-history":[{"count":4,"href":"https:\/\/dersuedenistblau.de\/en\/wp-json\/wp\/v2\/pages\/110\/revisions"}],"predecessor-version":[{"id":396,"href":"https:\/\/dersuedenistblau.de\/en\/wp-json\/wp\/v2\/pages\/110\/revisions\/396"}],"wp:featuredmedia":[{"embeddable":true,"href":"https:\/\/dersuedenistblau.de\/en\/wp-json\/wp\/v2\/media\/392"}],"wp:attachment":[{"href":"https:\/\/dersuedenistblau.de\/en\/wp-json\/wp\/v2\/media?parent=110"}],"curies":[{"name":"wp","href":"https:\/\/api.w.org\/{rel}","templated":true}]}}