{"id":144,"date":"2021-10-15T13:25:43","date_gmt":"2021-10-15T11:25:43","guid":{"rendered":"https:\/\/dersuedenistblau.de\/?page_id=144"},"modified":"2023-04-27T10:15:05","modified_gmt":"2023-04-27T08:15:05","slug":"impressum","status":"publish","type":"page","link":"https:\/\/dersuedenistblau.de\/en\/impressum\/","title":{"rendered":"Imprint"},"content":{"rendered":"<p><strong>The South is Blue<br \/>\n<\/strong>Circus wagon design<br \/>\nEcological local recreation holiday project<\/p>\n<p>Christine Roggors<br \/>\nSchl\u00e4ulestr.\u00a0<span class=\"diysemanticplaceholder\" data-semantic-data-key=\"streetAddress\/number\">13<\/span><br \/>\n86850 Fischach<\/p>\n<p><strong>Contact:<\/strong><br \/>\nPhone: 08204\/298608<br \/>\nE-Mail: info@dersuedenistblau.de<\/p>\n<p><strong>VAT ID:<\/strong> DE 246538941<\/p>\n<p><strong>Responsible person in the sense of \u00a7 18 para. 2 MStV: <\/strong>\u00a0Christine Roggors (address see above)<\/p>\n<p><strong>EU Commission platform for online dispute resolution:<\/strong>\u00a0<a href=\"https:\/\/ec.europa.eu\/odr\" target=\"_blank\" rel=\"noopener noreferrer\">https:\/\/ec.europa.eu\/odr<\/a><br \/>\nWe are neither obliged nor willing to participate in dispute resolution proceedings before a consumer arbitration board.<\/p>\n<p><strong>Images:<\/strong> The South is Blue, Maximilian Albrecht, <a title=\"Freepik\" href=\"https:\/\/www.freepik.com\">Freepik<\/a> from <a title=\"Flaticon\" href=\"https:\/\/www.flaticon.com\/de\/\">www.flaticon.com<\/a><\/p>","protected":false},"excerpt":{"rendered":"<p>Der S\u00fcden ist Blau Gestaltung von Zirkusw\u00e4gen \u00d6kologisches Naherholungsferienprojekt Christine Roggors Schl\u00e4ulestr.\u00a013 86850 Fischach Kontakt: Telefon: 08204\/298608 E-Mail: info@dersuedenistblau.de Umsatzsteuer-ID: DE 246538941 Verantwortliche\/r i.S.d. \u00a7 18 Abs. 2 MStV: \u00a0Christine Roggors (Anschrift siehe oben) Plattform der EU-Kommission zur Online-Streitbeilegung:\u00a0https:\/\/ec.europa.eu\/odr Wir sind zur Teilnahme an einem Streitbeilegungsverfahren vor einer Verbraucherschlichtungsstelle weder verpflichtet noch bereit. Bilder: Der [&hellip;]<\/p>\n","protected":false},"author":4,"featured_media":0,"parent":0,"menu_order":0,"comment_status":"closed","ping_status":"closed","template":"","meta":{"_acf_changed":false,"inline_featured_image":false,"footnotes":""},"class_list":["post-144","page","type-page","status-publish","hentry"],"acf":[],"yoast_head":"<!-- This site is optimized with the Yoast SEO plugin v27.4 - https:\/\/yoast.com\/product\/yoast-seo-wordpress\/ -->\n<title>Impressum - Der S\u00fcden ist Blau<\/title>\n<meta name=\"description\" content=\"Hier finden Sie das Impressum f\u00fcr Der S\u00fcden ist Blau\" \/>\n<meta name=\"robots\" content=\"index, follow, max-snippet:-1, max-image-preview:large, max-video-preview:-1\" \/>\n<link rel=\"canonical\" href=\"https:\/\/dersuedenistblau.de\/en\/impressum\/\" \/>\n<meta property=\"og:locale\" content=\"en_GB\" \/>\n<meta property=\"og:type\" content=\"article\" \/>\n<meta property=\"og:title\" content=\"Impressum - Der S\u00fcden ist Blau\" \/>\n<meta property=\"og:description\" content=\"Hier finden Sie das Impressum f\u00fcr Der S\u00fcden ist Blau\" \/>\n<meta property=\"og:url\" content=\"https:\/\/dersuedenistblau.de\/en\/impressum\/\" \/>\n<meta property=\"og:site_name\" content=\"Der S\u00fcden ist Blau\" \/>\n<meta property=\"article:publisher\" content=\"https:\/\/www.facebook.com\/Der-Sueden-ist-Blau-103714581547897\" \/>\n<meta property=\"article:modified_time\" content=\"2023-04-27T08:15:05+00:00\" \/>\n<meta name=\"twitter:card\" content=\"summary_large_image\" \/>\n<script type=\"application\/ld+json\" class=\"yoast-schema-graph\">{\"@context\":\"https:\\\/\\\/schema.org\",\"@graph\":[{\"@type\":\"WebPage\",\"@id\":\"https:\\\/\\\/dersuedenistblau.de\\\/impressum\\\/\",\"url\":\"https:\\\/\\\/dersuedenistblau.de\\\/impressum\\\/\",\"name\":\"Impressum - Der S\u00fcden ist Blau\",\"isPartOf\":{\"@id\":\"https:\\\/\\\/dersuedenistblau.de\\\/#website\"},\"datePublished\":\"2021-10-15T11:25:43+00:00\",\"dateModified\":\"2023-04-27T08:15:05+00:00\",\"description\":\"Hier finden Sie das Impressum f\u00fcr Der S\u00fcden ist Blau\",\"breadcrumb\":{\"@id\":\"https:\\\/\\\/dersuedenistblau.de\\\/impressum\\\/#breadcrumb\"},\"inLanguage\":\"en-GB\",\"potentialAction\":[{\"@type\":\"ReadAction\",\"target\":[\"https:\\\/\\\/dersuedenistblau.de\\\/impressum\\\/\"]}]},{\"@type\":\"BreadcrumbList\",\"@id\":\"https:\\\/\\\/dersuedenistblau.de\\\/impressum\\\/#breadcrumb\",\"itemListElement\":[{\"@type\":\"ListItem\",\"position\":1,\"name\":\"Startseite\",\"item\":\"https:\\\/\\\/dersuedenistblau.de\\\/\"},{\"@type\":\"ListItem\",\"position\":2,\"name\":\"Impressum\"}]},{\"@type\":\"WebSite\",\"@id\":\"https:\\\/\\\/dersuedenistblau.de\\\/#website\",\"url\":\"https:\\\/\\\/dersuedenistblau.de\\\/\",\"name\":\"Der S\u00fcden ist Blau\",\"description\":\"\u00dcbernachten im Baumhaus &amp; Zirkuswagen\",\"publisher\":{\"@id\":\"https:\\\/\\\/dersuedenistblau.de\\\/#organization\"},\"potentialAction\":[{\"@type\":\"SearchAction\",\"target\":{\"@type\":\"EntryPoint\",\"urlTemplate\":\"https:\\\/\\\/dersuedenistblau.de\\\/?s={search_term_string}\"},\"query-input\":{\"@type\":\"PropertyValueSpecification\",\"valueRequired\":true,\"valueName\":\"search_term_string\"}}],\"inLanguage\":\"en-GB\"},{\"@type\":\"Organization\",\"@id\":\"https:\\\/\\\/dersuedenistblau.de\\\/#organization\",\"name\":\"Der S\u00fcden ist Blau\",\"url\":\"https:\\\/\\\/dersuedenistblau.de\\\/\",\"logo\":{\"@type\":\"ImageObject\",\"inLanguage\":\"en-GB\",\"@id\":\"https:\\\/\\\/dersuedenistblau.de\\\/#\\\/schema\\\/logo\\\/image\\\/\",\"url\":\"https:\\\/\\\/dersuedenistblau.de\\\/wp-content\\\/uploads\\\/2021\\\/12\\\/Der-Sueden-ist-blau_Logo.png\",\"contentUrl\":\"https:\\\/\\\/dersuedenistblau.de\\\/wp-content\\\/uploads\\\/2021\\\/12\\\/Der-Sueden-ist-blau_Logo.png\",\"width\":2084,\"height\":921,\"caption\":\"Der S\u00fcden ist Blau\"},\"image\":{\"@id\":\"https:\\\/\\\/dersuedenistblau.de\\\/#\\\/schema\\\/logo\\\/image\\\/\"},\"sameAs\":[\"https:\\\/\\\/www.facebook.com\\\/Der-Sueden-ist-Blau-103714581547897\",\"https:\\\/\\\/www.instagram.com\\\/dersuedenistblau\\\/\"]}]}<\/script>\n<!-- \/ Yoast SEO plugin. -->","yoast_head_json":{"title":"Imprint - The South is Blue","description":"Here you can find the imprint for The South is Blue","robots":{"index":"index","follow":"follow","max-snippet":"max-snippet:-1","max-image-preview":"max-image-preview:large","max-video-preview":"max-video-preview:-1"},"canonical":"https:\/\/dersuedenistblau.de\/en\/impressum\/","og_locale":"en_GB","og_type":"article","og_title":"Impressum - Der S\u00fcden ist Blau","og_description":"Hier finden Sie das Impressum f\u00fcr Der S\u00fcden ist Blau","og_url":"https:\/\/dersuedenistblau.de\/en\/impressum\/","og_site_name":"Der S\u00fcden ist Blau","article_publisher":"https:\/\/www.facebook.com\/Der-Sueden-ist-Blau-103714581547897","article_modified_time":"2023-04-27T08:15:05+00:00","twitter_card":"summary_large_image","schema":{"@context":"https:\/\/schema.org","@graph":[{"@type":"WebPage","@id":"https:\/\/dersuedenistblau.de\/impressum\/","url":"https:\/\/dersuedenistblau.de\/impressum\/","name":"Imprint - The South is Blue","isPartOf":{"@id":"https:\/\/dersuedenistblau.de\/#website"},"datePublished":"2021-10-15T11:25:43+00:00","dateModified":"2023-04-27T08:15:05+00:00","description":"Here you can find the imprint for The South is Blue","breadcrumb":{"@id":"https:\/\/dersuedenistblau.de\/impressum\/#breadcrumb"},"inLanguage":"en-GB","potentialAction":[{"@type":"ReadAction","target":["https:\/\/dersuedenistblau.de\/impressum\/"]}]},{"@type":"BreadcrumbList","@id":"https:\/\/dersuedenistblau.de\/impressum\/#breadcrumb","itemListElement":[{"@type":"ListItem","position":1,"name":"Startseite","item":"https:\/\/dersuedenistblau.de\/"},{"@type":"ListItem","position":2,"name":"Impressum"}]},{"@type":"WebSite","@id":"https:\/\/dersuedenistblau.de\/#website","url":"https:\/\/dersuedenistblau.de\/","name":"The South is Blue","description":"Spend the night in a tree house &amp; circus wagon","publisher":{"@id":"https:\/\/dersuedenistblau.de\/#organization"},"potentialAction":[{"@type":"SearchAction","target":{"@type":"EntryPoint","urlTemplate":"https:\/\/dersuedenistblau.de\/?s={search_term_string}"},"query-input":{"@type":"PropertyValueSpecification","valueRequired":true,"valueName":"search_term_string"}}],"inLanguage":"en-GB"},{"@type":"Organization","@id":"https:\/\/dersuedenistblau.de\/#organization","name":"The South is Blue","url":"https:\/\/dersuedenistblau.de\/","logo":{"@type":"ImageObject","inLanguage":"en-GB","@id":"https:\/\/dersuedenistblau.de\/#\/schema\/logo\/image\/","url":"https:\/\/dersuedenistblau.de\/wp-content\/uploads\/2021\/12\/Der-Sueden-ist-blau_Logo.png","contentUrl":"https:\/\/dersuedenistblau.de\/wp-content\/uploads\/2021\/12\/Der-Sueden-ist-blau_Logo.png","width":2084,"height":921,"caption":"Der S\u00fcden ist Blau"},"image":{"@id":"https:\/\/dersuedenistblau.de\/#\/schema\/logo\/image\/"},"sameAs":["https:\/\/www.facebook.com\/Der-Sueden-ist-Blau-103714581547897","https:\/\/www.instagram.com\/dersuedenistblau\/"]}]}},"_links":{"self":[{"href":"https:\/\/dersuedenistblau.de\/en\/wp-json\/wp\/v2\/pages\/144","targetHints":{"allow":["GET"]}}],"collection":[{"href":"https:\/\/dersuedenistblau.de\/en\/wp-json\/wp\/v2\/pages"}],"about":[{"href":"https:\/\/dersuedenistblau.de\/en\/wp-json\/wp\/v2\/types\/page"}],"author":[{"embeddable":true,"href":"https:\/\/dersuedenistblau.de\/en\/wp-json\/wp\/v2\/users\/4"}],"replies":[{"embeddable":true,"href":"https:\/\/dersuedenistblau.de\/en\/wp-json\/wp\/v2\/comments?post=144"}],"version-history":[{"count":6,"href":"https:\/\/dersuedenistblau.de\/en\/wp-json\/wp\/v2\/pages\/144\/revisions"}],"predecessor-version":[{"id":287,"href":"https:\/\/dersuedenistblau.de\/en\/wp-json\/wp\/v2\/pages\/144\/revisions\/287"}],"wp:attachment":[{"href":"https:\/\/dersuedenistblau.de\/en\/wp-json\/wp\/v2\/media?parent=144"}],"curies":[{"name":"wp","href":"https:\/\/api.w.org\/{rel}","templated":true}]}}